{"id":1082,"date":"2017-08-17T15:06:57","date_gmt":"2017-08-17T15:06:57","guid":{"rendered":"http:\/\/sgtaller.com\/ayuda\/?page_id=1082"},"modified":"2017-08-17T15:06:57","modified_gmt":"2017-08-17T15:06:57","slug":"listado-de-cfe-entre-dos-fechas-para-fe-uruguay","status":"publish","type":"page","link":"http:\/\/sgtaller.com\/ayuda\/fe-uruguay\/listado-de-cfe-entre-dos-fechas-para-fe-uruguay\/","title":{"rendered":"Listado de CFE entre Dos Fechas Para FE Uruguay"},"content":{"rendered":"<ol>\n<li>Abrir \u00a0un navegador de su preferencia (Firefox, Chrome, etc).<a href=\"http:\/\/sgtaller.com\/ayuda\/wp-content\/uploads\/2017\/08\/screenshot-2.png\"><img loading=\"lazy\" decoding=\"async\" class=\"aligncenter size-large wp-image-1085\" src=\"http:\/\/sgtaller.com\/ayuda\/wp-content\/uploads\/2017\/08\/screenshot-2-1024x487.png\" alt=\"\" width=\"640\" height=\"304\" srcset=\"http:\/\/sgtaller.com\/ayuda\/wp-content\/uploads\/2017\/08\/screenshot-2-1024x487.png 1024w, http:\/\/sgtaller.com\/ayuda\/wp-content\/uploads\/2017\/08\/screenshot-2-300x143.png 300w, http:\/\/sgtaller.com\/ayuda\/wp-content\/uploads\/2017\/08\/screenshot-2-768x365.png 768w, http:\/\/sgtaller.com\/ayuda\/wp-content\/uploads\/2017\/08\/screenshot-2.png 1439w\" sizes=\"auto, (max-width: 640px) 100vw, 640px\" \/><\/a><\/li>\n<li>Ingresar el enlace del sistema de facturaci\u00f3n electr\u00f3nica con su usuario y contrase\u00f1a.<\/li>\n<li>Ir al men\u00fa \u201c<em><strong>CFE\/Sobres<\/strong><\/em>\u201d y hacer clic en la opci\u00f3n \u201c<em><strong>Trabajar con CFE<\/strong><\/em>\u201d.<\/li>\n<li>Ingresar el per\u00edodo de fechas del cual desea emitir el listado y el estado \u201c<strong>Comprobante Aceptado<\/strong>\u201d. Hacer clic en el icono de la lupa para aplicar los filtros y obtener los comprobantes correspondientes.<a href=\"http:\/\/sgtaller.com\/ayuda\/wp-content\/uploads\/2017\/08\/screenshot-3.png\"><img loading=\"lazy\" decoding=\"async\" class=\"aligncenter size-full wp-image-1086\" src=\"http:\/\/sgtaller.com\/ayuda\/wp-content\/uploads\/2017\/08\/screenshot-3.png\" alt=\"\" width=\"851\" height=\"402\" srcset=\"http:\/\/sgtaller.com\/ayuda\/wp-content\/uploads\/2017\/08\/screenshot-3.png 851w, http:\/\/sgtaller.com\/ayuda\/wp-content\/uploads\/2017\/08\/screenshot-3-300x142.png 300w, http:\/\/sgtaller.com\/ayuda\/wp-content\/uploads\/2017\/08\/screenshot-3-768x363.png 768w\" sizes=\"auto, (max-width: 851px) 100vw, 851px\" \/><\/a><\/li>\n<li>Hacer clic en el icono de exportar.\u00a0<a href=\"http:\/\/sgtaller.com\/ayuda\/wp-content\/uploads\/2017\/08\/screenshot-2-1.png\"><img loading=\"lazy\" decoding=\"async\" class=\"aligncenter size-full wp-image-1088\" src=\"http:\/\/sgtaller.com\/ayuda\/wp-content\/uploads\/2017\/08\/screenshot-2-1.png\" alt=\"\" width=\"30\" height=\"63\" \/><\/a><\/li>\n<li>Una vez que haya finalizado la descarga del archivo, puede abrirlo en Excel.<a href=\"http:\/\/sgtaller.com\/ayuda\/wp-content\/uploads\/2017\/08\/screenshot-4.png\"><img loading=\"lazy\" decoding=\"async\" class=\"aligncenter size-large wp-image-1089\" src=\"http:\/\/sgtaller.com\/ayuda\/wp-content\/uploads\/2017\/08\/screenshot-4-1024x239.png\" alt=\"\" width=\"640\" height=\"149\" srcset=\"http:\/\/sgtaller.com\/ayuda\/wp-content\/uploads\/2017\/08\/screenshot-4-1024x239.png 1024w, http:\/\/sgtaller.com\/ayuda\/wp-content\/uploads\/2017\/08\/screenshot-4-300x70.png 300w, http:\/\/sgtaller.com\/ayuda\/wp-content\/uploads\/2017\/08\/screenshot-4-768x180.png 768w, http:\/\/sgtaller.com\/ayuda\/wp-content\/uploads\/2017\/08\/screenshot-4.png 1399w\" sizes=\"auto, (max-width: 640px) 100vw, 640px\" \/><\/a><\/li>\n<\/ol>\n","protected":false},"excerpt":{"rendered":"<p>Abrir \u00a0un navegador de su preferencia (Firefox, Chrome, etc). Ingresar el enlace del sistema de facturaci\u00f3n electr\u00f3nica con su usuario y contrase\u00f1a. Ir al men\u00fa \u201cCFE\/Sobres\u201d y hacer clic en la opci\u00f3n \u201cTrabajar con CFE\u201d. Ingresar el per\u00edodo de fechas del cual desea emitir el listado y el estado \u201cComprobante [&hellip;]<\/p>\n","protected":false},"author":428,"featured_media":0,"parent":1069,"menu_order":3,"comment_status":"closed","ping_status":"closed","template":"","meta":{"footnotes":""},"class_list":["post-1082","page","type-page","status-publish","hentry"],"_links":{"self":[{"href":"http:\/\/sgtaller.com\/ayuda\/wp-json\/wp\/v2\/pages\/1082","targetHints":{"allow":["GET"]}}],"collection":[{"href":"http:\/\/sgtaller.com\/ayuda\/wp-json\/wp\/v2\/pages"}],"about":[{"href":"http:\/\/sgtaller.com\/ayuda\/wp-json\/wp\/v2\/types\/page"}],"author":[{"embeddable":true,"href":"http:\/\/sgtaller.com\/ayuda\/wp-json\/wp\/v2\/users\/428"}],"replies":[{"embeddable":true,"href":"http:\/\/sgtaller.com\/ayuda\/wp-json\/wp\/v2\/comments?post=1082"}],"version-history":[{"count":4,"href":"http:\/\/sgtaller.com\/ayuda\/wp-json\/wp\/v2\/pages\/1082\/revisions"}],"predecessor-version":[{"id":1090,"href":"http:\/\/sgtaller.com\/ayuda\/wp-json\/wp\/v2\/pages\/1082\/revisions\/1090"}],"up":[{"embeddable":true,"href":"http:\/\/sgtaller.com\/ayuda\/wp-json\/wp\/v2\/pages\/1069"}],"wp:attachment":[{"href":"http:\/\/sgtaller.com\/ayuda\/wp-json\/wp\/v2\/media?parent=1082"}],"curies":[{"name":"wp","href":"https:\/\/api.w.org\/{rel}","templated":true}]}}