{"id":1102,"date":"2017-08-17T18:59:29","date_gmt":"2017-08-17T18:59:29","guid":{"rendered":"http:\/\/sgtaller.com\/ayuda\/?page_id=1102"},"modified":"2017-08-17T19:07:14","modified_gmt":"2017-08-17T19:07:14","slug":"suspension-certificado-unico-dgi-fe-uruguay","status":"publish","type":"page","link":"http:\/\/sgtaller.com\/ayuda\/fe-uruguay\/suspension-certificado-unico-dgi-fe-uruguay\/","title":{"rendered":"Suspensi\u00f3n Certificado \u00danico DGI &#8211; FE Uruguay"},"content":{"rendered":"<h2>\u00bfQu\u00e9 hacer si recibo una notificaci\u00f3n de Suspensi\u00f3n de Certificado \u00danico de DGI?<\/h2>\n<div class=\"gmail_default\">Puede recibir la notificaci\u00f3n\u00a0<span class=\"il\">de<\/span>\u00a0suspensi\u00f3n\u00a0<span class=\"il\">de<\/span>\u00a0certificado \u00fanico\u00a0<span class=\"il\">de<\/span>\u00a0DGI\u00a0<span class=\"il\">por<\/span>\u00a0<span class=\"il\">los<\/span>\u00a0siguientes motivos:<\/div>\n<div><\/div>\n<ul>\n<li class=\"gmail_default\">La DGI realice un proceso\u00a0<span class=\"il\">de<\/span>\u00a0validaci\u00f3n\u00a0<span class=\"il\">de<\/span>\u00a0la informaci\u00f3n enviada y encuentre observaciones que necesitan ser subsanadas.<\/li>\n<li class=\"gmail_default\">Existieron errores en el intercambio\u00a0<span class=\"il\">de<\/span>\u00a0informaci\u00f3n entre\u00a0<span class=\"il\">los<\/span>\u00a0sistemas que gener\u00f3 errores en la informaci\u00f3n.<\/li>\n<li class=\"gmail_default\">La DGI no tuvo en su momento capacidad\u00a0<span class=\"il\">de<\/span>\u00a0recepci\u00f3n de la informaci\u00f3n enviada y necesita ser vuelta\u00a0<span class=\"il\">a<\/span>\u00a0enviar.<\/li>\n<\/ul>\n<div class=\"gmail_default\"><strong>\u00bfQu\u00e9 hacer ante la notificaci\u00f3n?<\/strong><\/div>\n<div class=\"gmail_default\">Comunicarse\u00a0<span class=\"il\">a<\/span>\u00a0AVANCE SOFTWARE al 434 41648 indicando la raz\u00f3n social\u00a0<span class=\"il\">de<\/span>\u00a0su empresa. Nosotros validaremos\u00a0<span class=\"il\">los<\/span>\u00a0reportes enviados validando que no existan OMISOS o GESTIONADO, reenviaremos la informaci\u00f3n\u00a0<span class=\"il\">a<\/span>\u00a0DGI. Una vez finalizado, nos comunicaremos con uds para informarle.<\/div>\n<div class=\"gmail_default\"><\/div>\n<p>&nbsp;<\/p>\n","protected":false},"excerpt":{"rendered":"<p>\u00bfQu\u00e9 hacer si recibo una notificaci\u00f3n de Suspensi\u00f3n de Certificado \u00danico de DGI? Puede recibir la notificaci\u00f3n\u00a0de\u00a0suspensi\u00f3n\u00a0de\u00a0certificado \u00fanico\u00a0de\u00a0DGI\u00a0por\u00a0los\u00a0siguientes motivos: La DGI realice un proceso\u00a0de\u00a0validaci\u00f3n\u00a0de\u00a0la informaci\u00f3n enviada y encuentre observaciones que necesitan ser subsanadas. Existieron errores en el intercambio\u00a0de\u00a0informaci\u00f3n entre\u00a0los\u00a0sistemas que gener\u00f3 errores en la informaci\u00f3n. La DGI no tuvo en [&hellip;]<\/p>\n","protected":false},"author":428,"featured_media":0,"parent":1069,"menu_order":4,"comment_status":"closed","ping_status":"closed","template":"","meta":{"footnotes":""},"class_list":["post-1102","page","type-page","status-publish","hentry"],"_links":{"self":[{"href":"http:\/\/sgtaller.com\/ayuda\/wp-json\/wp\/v2\/pages\/1102","targetHints":{"allow":["GET"]}}],"collection":[{"href":"http:\/\/sgtaller.com\/ayuda\/wp-json\/wp\/v2\/pages"}],"about":[{"href":"http:\/\/sgtaller.com\/ayuda\/wp-json\/wp\/v2\/types\/page"}],"author":[{"embeddable":true,"href":"http:\/\/sgtaller.com\/ayuda\/wp-json\/wp\/v2\/users\/428"}],"replies":[{"embeddable":true,"href":"http:\/\/sgtaller.com\/ayuda\/wp-json\/wp\/v2\/comments?post=1102"}],"version-history":[{"count":4,"href":"http:\/\/sgtaller.com\/ayuda\/wp-json\/wp\/v2\/pages\/1102\/revisions"}],"predecessor-version":[{"id":1108,"href":"http:\/\/sgtaller.com\/ayuda\/wp-json\/wp\/v2\/pages\/1102\/revisions\/1108"}],"up":[{"embeddable":true,"href":"http:\/\/sgtaller.com\/ayuda\/wp-json\/wp\/v2\/pages\/1069"}],"wp:attachment":[{"href":"http:\/\/sgtaller.com\/ayuda\/wp-json\/wp\/v2\/media?parent=1102"}],"curies":[{"name":"wp","href":"https:\/\/api.w.org\/{rel}","templated":true}]}}