{"id":112,"date":"2012-06-27T18:11:48","date_gmt":"2012-06-27T18:11:48","guid":{"rendered":"http:\/\/sgtaller.com\/ayuda\/?page_id=112"},"modified":"2012-06-27T18:12:35","modified_gmt":"2012-06-27T18:12:35","slug":"guia-de-uso","status":"publish","type":"page","link":"http:\/\/sgtaller.com\/ayuda\/sgtaller-punto-de-venta\/guia-de-uso\/","title":{"rendered":"Gu\u00eda de Uso"},"content":{"rendered":"<p style=\"text-align: left;\" align=\"center\">El <strong>PVP<\/strong> (Programa de Punto de Venta al P\u00fablico) <strong>de SGTaller <\/strong>es un modulo que permite la facturaci\u00f3n de art\u00edculos \/ repuestos as\u00ed como servicios generados con sgtaller (a trav\u00e9s de los prespuestos creados en el mismo). El m\u00f3dulo <strong><span style=\"text-decoration: underline;\">solo permite facturar, cobrar cuentas (recibos) y llevar la caja diaria<\/span><\/strong>. Las operaciones de mantenimiento (por ejemplo alta o modificaciones en los art\u00edculos) debe realizarse desde PVP Admin.<\/p>\n<p>Descargar -&gt;\u00a0<a href=\"http:\/\/sgtaller.com\/ayuda\/wp-content\/uploads\/2012\/06\/GuiaRapidaPVP.pdf\">Gu\u00eda R\u00e1pida de Uso del Punto de Venta de SGTaller<\/a><\/p>\n","protected":false},"excerpt":{"rendered":"<p>El PVP (Programa de Punto de Venta al P\u00fablico) de SGTaller es un modulo que permite la facturaci\u00f3n de art\u00edculos \/ repuestos as\u00ed como servicios generados con sgtaller (a trav\u00e9s de los prespuestos creados en el mismo). El m\u00f3dulo solo permite facturar, cobrar cuentas (recibos) y llevar la caja diaria. [&hellip;]<\/p>\n","protected":false},"author":1,"featured_media":0,"parent":15,"menu_order":3,"comment_status":"open","ping_status":"open","template":"","meta":{"footnotes":""},"class_list":["post-112","page","type-page","status-publish","hentry"],"_links":{"self":[{"href":"http:\/\/sgtaller.com\/ayuda\/wp-json\/wp\/v2\/pages\/112","targetHints":{"allow":["GET"]}}],"collection":[{"href":"http:\/\/sgtaller.com\/ayuda\/wp-json\/wp\/v2\/pages"}],"about":[{"href":"http:\/\/sgtaller.com\/ayuda\/wp-json\/wp\/v2\/types\/page"}],"author":[{"embeddable":true,"href":"http:\/\/sgtaller.com\/ayuda\/wp-json\/wp\/v2\/users\/1"}],"replies":[{"embeddable":true,"href":"http:\/\/sgtaller.com\/ayuda\/wp-json\/wp\/v2\/comments?post=112"}],"version-history":[{"count":3,"href":"http:\/\/sgtaller.com\/ayuda\/wp-json\/wp\/v2\/pages\/112\/revisions"}],"predecessor-version":[{"id":116,"href":"http:\/\/sgtaller.com\/ayuda\/wp-json\/wp\/v2\/pages\/112\/revisions\/116"}],"up":[{"embeddable":true,"href":"http:\/\/sgtaller.com\/ayuda\/wp-json\/wp\/v2\/pages\/15"}],"wp:attachment":[{"href":"http:\/\/sgtaller.com\/ayuda\/wp-json\/wp\/v2\/media?parent=112"}],"curies":[{"name":"wp","href":"https:\/\/api.w.org\/{rel}","templated":true}]}}