{"id":1148,"date":"2017-10-14T01:04:30","date_gmt":"2017-10-14T01:04:30","guid":{"rendered":"http:\/\/sgtaller.com\/ayuda\/?page_id=1148"},"modified":"2017-10-14T01:04:30","modified_gmt":"2017-10-14T01:04:30","slug":"configurar-correo-electronico-de-intercambio-entre-contribuyentes-fe-uy","status":"publish","type":"page","link":"http:\/\/sgtaller.com\/ayuda\/fe-uruguay\/configurar-correo-electronico-de-intercambio-entre-contribuyentes-fe-uy\/","title":{"rendered":"Configurar Correo Electr\u00f3nico De Intercambio Entre Contribuyentes &#8211; FE UY"},"content":{"rendered":"<ul>\n<li>Abrir \u00a0un navegador de su preferencia (Firefox, Chrome, etc).<a href=\"http:\/\/sgtaller.com\/ayuda\/wp-content\/uploads\/2017\/08\/screenshot-2.png\"><img loading=\"lazy\" decoding=\"async\" class=\"aligncenter size-large wp-image-1085\" src=\"http:\/\/sgtaller.com\/ayuda\/wp-content\/uploads\/2017\/08\/screenshot-2-1024x487.png\" sizes=\"auto, (max-width: 640px) 100vw, 640px\" srcset=\"http:\/\/sgtaller.com\/ayuda\/wp-content\/uploads\/2017\/08\/screenshot-2-1024x487.png 1024w, http:\/\/sgtaller.com\/ayuda\/wp-content\/uploads\/2017\/08\/screenshot-2-300x143.png 300w, http:\/\/sgtaller.com\/ayuda\/wp-content\/uploads\/2017\/08\/screenshot-2-768x365.png 768w, http:\/\/sgtaller.com\/ayuda\/wp-content\/uploads\/2017\/08\/screenshot-2.png 1439w\" alt=\"\" width=\"640\" height=\"304\" \/><\/a><\/li>\n<li>Ingresar el enlace del sistema de facturaci\u00f3n electr\u00f3nica con su usuario y contrase\u00f1a (<strong>proporcionado por nuestra empresa una vez concluida la instalaci\u00f3n inicial<\/strong>).<\/li>\n<li>Ir al men\u00fa \u201c<em><strong>Configuraci\u00f3n<\/strong><\/em>\u201d y hacer clic en la opci\u00f3n \u201c<em><strong>Configurar Empresa<\/strong><\/em>\u201d.<\/li>\n<li>En la ventana que se abre, completar el campo <em><strong>E-Mail<\/strong><\/em> con nuestro correo electr\u00f3nico.<a href=\"http:\/\/sgtaller.com\/ayuda\/wp-content\/uploads\/2017\/10\/screenshot.png\"><img loading=\"lazy\" decoding=\"async\" class=\"aligncenter size-full wp-image-1151\" src=\"http:\/\/sgtaller.com\/ayuda\/wp-content\/uploads\/2017\/10\/screenshot.png\" alt=\"\" width=\"798\" height=\"394\" srcset=\"http:\/\/sgtaller.com\/ayuda\/wp-content\/uploads\/2017\/10\/screenshot.png 798w, http:\/\/sgtaller.com\/ayuda\/wp-content\/uploads\/2017\/10\/screenshot-300x148.png 300w, http:\/\/sgtaller.com\/ayuda\/wp-content\/uploads\/2017\/10\/screenshot-768x379.png 768w\" sizes=\"auto, (max-width: 798px) 100vw, 798px\" \/><\/a><\/li>\n<li>Hacer clic en <em><strong>Confirmar<\/strong><\/em>.<\/li>\n<li>Por \u00faltimo debemos ir a la carpeta \u00ab<em><strong>C:\\FacturacionElectronica\\EnvioDeCorreos<\/strong><\/em>\u00bb y editar el archivo <em><strong>DescargaMails<\/strong><\/em> poniendo all\u00ed la <strong><span style=\"color: #0000ff;\">casilla de correo y su contrase\u00f1a<\/span><\/strong>.<a href=\"http:\/\/sgtaller.com\/ayuda\/wp-content\/uploads\/2017\/10\/screenshot-1.png\"><img loading=\"lazy\" decoding=\"async\" class=\"aligncenter size-large wp-image-1152\" src=\"http:\/\/sgtaller.com\/ayuda\/wp-content\/uploads\/2017\/10\/screenshot-1-1024x582.png\" alt=\"\" width=\"640\" height=\"364\" srcset=\"http:\/\/sgtaller.com\/ayuda\/wp-content\/uploads\/2017\/10\/screenshot-1-1024x582.png 1024w, http:\/\/sgtaller.com\/ayuda\/wp-content\/uploads\/2017\/10\/screenshot-1-300x170.png 300w, http:\/\/sgtaller.com\/ayuda\/wp-content\/uploads\/2017\/10\/screenshot-1-768x436.png 768w, http:\/\/sgtaller.com\/ayuda\/wp-content\/uploads\/2017\/10\/screenshot-1.png 1229w\" sizes=\"auto, (max-width: 640px) 100vw, 640px\" \/><\/a><\/li>\n<li>Guardar los cambios y salir.<\/li>\n<\/ul>\n","protected":false},"excerpt":{"rendered":"<p>Abrir \u00a0un navegador de su preferencia (Firefox, Chrome, etc). Ingresar el enlace del sistema de facturaci\u00f3n electr\u00f3nica con su usuario y contrase\u00f1a (proporcionado por nuestra empresa una vez concluida la instalaci\u00f3n inicial). Ir al men\u00fa \u201cConfiguraci\u00f3n\u201d y hacer clic en la opci\u00f3n \u201cConfigurar Empresa\u201d. En la ventana que se abre, [&hellip;]<\/p>\n","protected":false},"author":428,"featured_media":0,"parent":1069,"menu_order":10,"comment_status":"closed","ping_status":"closed","template":"","meta":{"footnotes":""},"class_list":["post-1148","page","type-page","status-publish","hentry"],"_links":{"self":[{"href":"http:\/\/sgtaller.com\/ayuda\/wp-json\/wp\/v2\/pages\/1148","targetHints":{"allow":["GET"]}}],"collection":[{"href":"http:\/\/sgtaller.com\/ayuda\/wp-json\/wp\/v2\/pages"}],"about":[{"href":"http:\/\/sgtaller.com\/ayuda\/wp-json\/wp\/v2\/types\/page"}],"author":[{"embeddable":true,"href":"http:\/\/sgtaller.com\/ayuda\/wp-json\/wp\/v2\/users\/428"}],"replies":[{"embeddable":true,"href":"http:\/\/sgtaller.com\/ayuda\/wp-json\/wp\/v2\/comments?post=1148"}],"version-history":[{"count":3,"href":"http:\/\/sgtaller.com\/ayuda\/wp-json\/wp\/v2\/pages\/1148\/revisions"}],"predecessor-version":[{"id":1153,"href":"http:\/\/sgtaller.com\/ayuda\/wp-json\/wp\/v2\/pages\/1148\/revisions\/1153"}],"up":[{"embeddable":true,"href":"http:\/\/sgtaller.com\/ayuda\/wp-json\/wp\/v2\/pages\/1069"}],"wp:attachment":[{"href":"http:\/\/sgtaller.com\/ayuda\/wp-json\/wp\/v2\/media?parent=1148"}],"curies":[{"name":"wp","href":"https:\/\/api.w.org\/{rel}","templated":true}]}}