{"id":1237,"date":"2018-02-06T20:52:56","date_gmt":"2018-02-06T20:52:56","guid":{"rendered":"http:\/\/sgtaller.com\/ayuda\/?page_id=1237"},"modified":"2018-02-06T20:52:56","modified_gmt":"2018-02-06T20:52:56","slug":"problemas-frecuentes-en-integrador-de-factura-electronica-uruguay","status":"publish","type":"page","link":"http:\/\/sgtaller.com\/ayuda\/fe-uruguay\/problemas-frecuentes-en-integrador-de-factura-electronica-uruguay\/","title":{"rendered":"Problemas Frecuentes en Integrador de Factura Electr\u00f3nica Uruguay"},"content":{"rendered":"<ol>\n<li>No Imprime Los Comprobantes.\n<ul>\n<li>Verificar en el <a href=\"http:\/\/sgtaller.com\/ayuda\/fe-uruguay\/donde-puedo-ver-los-documentos-electronicos-generados\/\" target=\"_blank\" rel=\"noopener\">m\u00f3dulo Web<\/a> que los comprobantes se est\u00e9n generando (firmando):\n<ul>\n<li><strong>Si aparecen en el m\u00f3dulo web<\/strong> significa que es solo un problema de impresi\u00f3n, verifique que la impresora este conectada y en l\u00ednea. Pruebe de reimprimir el documento desde el integrador, haciendo clic con el bot\u00f3n derecho del mouse en el icono junto a la hora y luego haga clic en la opci\u00f3n \u00ab<em><strong>Historio de Documentos<\/strong><\/em>\u00ab, seleccione el comprobante y haga clic en \u00ab<em><strong>Imprimir<\/strong><\/em>\u00ab.<\/li>\n<li><strong>Sino aparecen en el m\u00f3dulo web<\/strong>, los comprobantes no se est\u00e1n firmando por tanto cierre el integrador y vuelva a abrirlo. Si recibe alg\u00fan error al iniciar debe ponerse en contacto con nosotros.<\/li>\n<\/ul>\n<\/li>\n<\/ul>\n<\/li>\n<li>\u00ab<em>Error reading data from the connection<\/em>\u00ab.\n<ul>\n<li>Cuando aparece este mensaje significa que por alguna raz\u00f3n se perdi\u00f3 la conectividad con la base de datos y el programa no pudo reestablecer la conexi\u00f3n, simplemente hay que cerrarlo y volver a abrirlo.<\/li>\n<\/ul>\n<\/li>\n<\/ol>\n<p><strong><em>Actualizado: 6 febrero 2018<\/em><\/strong><\/p>\n","protected":false},"excerpt":{"rendered":"<p>No Imprime Los Comprobantes. Verificar en el m\u00f3dulo Web que los comprobantes se est\u00e9n generando (firmando): Si aparecen en el m\u00f3dulo web significa que es solo un problema de impresi\u00f3n, verifique que la impresora este conectada y en l\u00ednea. Pruebe de reimprimir el documento desde el integrador, haciendo clic con [&hellip;]<\/p>\n","protected":false},"author":428,"featured_media":0,"parent":1069,"menu_order":12,"comment_status":"closed","ping_status":"closed","template":"","meta":{"footnotes":""},"class_list":["post-1237","page","type-page","status-publish","hentry"],"_links":{"self":[{"href":"http:\/\/sgtaller.com\/ayuda\/wp-json\/wp\/v2\/pages\/1237","targetHints":{"allow":["GET"]}}],"collection":[{"href":"http:\/\/sgtaller.com\/ayuda\/wp-json\/wp\/v2\/pages"}],"about":[{"href":"http:\/\/sgtaller.com\/ayuda\/wp-json\/wp\/v2\/types\/page"}],"author":[{"embeddable":true,"href":"http:\/\/sgtaller.com\/ayuda\/wp-json\/wp\/v2\/users\/428"}],"replies":[{"embeddable":true,"href":"http:\/\/sgtaller.com\/ayuda\/wp-json\/wp\/v2\/comments?post=1237"}],"version-history":[{"count":5,"href":"http:\/\/sgtaller.com\/ayuda\/wp-json\/wp\/v2\/pages\/1237\/revisions"}],"predecessor-version":[{"id":1242,"href":"http:\/\/sgtaller.com\/ayuda\/wp-json\/wp\/v2\/pages\/1237\/revisions\/1242"}],"up":[{"embeddable":true,"href":"http:\/\/sgtaller.com\/ayuda\/wp-json\/wp\/v2\/pages\/1069"}],"wp:attachment":[{"href":"http:\/\/sgtaller.com\/ayuda\/wp-json\/wp\/v2\/media?parent=1237"}],"curies":[{"name":"wp","href":"https:\/\/api.w.org\/{rel}","templated":true}]}}