{"id":132,"date":"2012-06-27T22:26:03","date_gmt":"2012-06-27T22:26:03","guid":{"rendered":"http:\/\/sgtaller.com\/ayuda\/?page_id=132"},"modified":"2018-06-16T22:33:37","modified_gmt":"2018-06-16T22:33:37","slug":"asociar-fotos-a-las-ordenes","status":"publish","type":"page","link":"http:\/\/sgtaller.com\/ayuda\/pagina-ejemplo\/asociar-fotos-a-las-ordenes\/","title":{"rendered":"Asociar Fotos a las \u00d3rdenes"},"content":{"rendered":"<h4>Desde la versi\u00f3n 3 de SGTaller se puede asociar fotos del equipo a la orden de reparaci\u00f3n, para disponer de la misma en la historia de de dicho equipo.<\/h4>\n<p><a href=\"http:\/\/sgtaller.com\/ayuda\/wp-content\/uploads\/2013\/09\/textoFotoSG.png\"><img loading=\"lazy\" decoding=\"async\" src=\"http:\/\/sgtaller.com\/ayuda\/wp-content\/uploads\/2013\/09\/textoFotoSG.png\" alt=\"\" width=\"1004\" height=\"691\" class=\"alignnone size-full wp-image-502\" srcset=\"http:\/\/sgtaller.com\/ayuda\/wp-content\/uploads\/2013\/09\/textoFotoSG.png 1004w, http:\/\/sgtaller.com\/ayuda\/wp-content\/uploads\/2013\/09\/textoFotoSG-300x206.png 300w\" sizes=\"auto, (max-width: 1004px) 100vw, 1004px\" \/><\/a><\/p>\n<p><a href=\"http:\/\/sgtaller.com\/ayuda\/wp-content\/uploads\/2012\/06\/SGTaller-3-Asociar-Fotos-a-la-Orden-de-Reparaci\u00f3n.pdf\">Asociar Fotos a la Orden de Reparaci\u00f3n<\/a><\/p>\n","protected":false},"excerpt":{"rendered":"<p>Desde la versi\u00f3n 3 de SGTaller se puede asociar fotos del equipo a la orden de reparaci\u00f3n, para disponer de la misma en la historia de de dicho equipo. Asociar Fotos a la Orden de Reparaci\u00f3n<\/p>\n","protected":false},"author":1,"featured_media":0,"parent":2,"menu_order":5,"comment_status":"open","ping_status":"open","template":"","meta":{"footnotes":""},"class_list":["post-132","page","type-page","status-publish","hentry"],"_links":{"self":[{"href":"http:\/\/sgtaller.com\/ayuda\/wp-json\/wp\/v2\/pages\/132","targetHints":{"allow":["GET"]}}],"collection":[{"href":"http:\/\/sgtaller.com\/ayuda\/wp-json\/wp\/v2\/pages"}],"about":[{"href":"http:\/\/sgtaller.com\/ayuda\/wp-json\/wp\/v2\/types\/page"}],"author":[{"embeddable":true,"href":"http:\/\/sgtaller.com\/ayuda\/wp-json\/wp\/v2\/users\/1"}],"replies":[{"embeddable":true,"href":"http:\/\/sgtaller.com\/ayuda\/wp-json\/wp\/v2\/comments?post=132"}],"version-history":[{"count":4,"href":"http:\/\/sgtaller.com\/ayuda\/wp-json\/wp\/v2\/pages\/132\/revisions"}],"predecessor-version":[{"id":1354,"href":"http:\/\/sgtaller.com\/ayuda\/wp-json\/wp\/v2\/pages\/132\/revisions\/1354"}],"up":[{"embeddable":true,"href":"http:\/\/sgtaller.com\/ayuda\/wp-json\/wp\/v2\/pages\/2"}],"wp:attachment":[{"href":"http:\/\/sgtaller.com\/ayuda\/wp-json\/wp\/v2\/media?parent=132"}],"curies":[{"name":"wp","href":"https:\/\/api.w.org\/{rel}","templated":true}]}}