{"id":168,"date":"2012-07-16T14:15:38","date_gmt":"2012-07-16T14:15:38","guid":{"rendered":"http:\/\/sgtaller.com\/ayuda\/?page_id=168"},"modified":"2012-07-16T14:22:18","modified_gmt":"2012-07-16T14:22:18","slug":"168-2","status":"publish","type":"page","link":"http:\/\/sgtaller.com\/ayuda\/modulo-web\/168-2\/","title":{"rendered":"Versi\u00f3n 2011 &#8211; Instalaci\u00f3n #2"},"content":{"rendered":"<h3>Segunda parte de instalaci\u00f3n del M\u00f3dulo\u00a0Web<\/h3>\n<blockquote><p><strong>ATENCI\u00d3N<\/strong>: Este documento aplica a una versi\u00f3n antigua del m\u00f3dulo WEB de consultas de SGTaller\u00a0<strong>exclusiva\u00a0para clientes que tienen la versi\u00f3n 2.0 de SGTaller \u00a0y adquirieron licencia de la misma<\/strong>. El soporte es exclusivo para estos clientes, en otro caso no instalar est\u00e1 versi\u00f3n.<\/p><\/blockquote>\n<p>1. Descargar el archivo <a href=\"http:\/\/www.avancesi.com.uy\/clientes\/shaymon\/service.zip\" target=\"_blank\">http:\/\/www.avancesi.com.uy\/clientes\/shaymon\/service.zip<\/a><\/p>\n<p>2. Decomprimirlo y copiar el archivo service.exe a todos los PC\u2019s donde esta instalado\u00a0SGTaller (por defecto C:\\SGTaller)<\/p>\n<p>3. Descargar el archivo <a href=\"http:\/\/www.avancesi.com.uy\/clientes\/shaymon\/update.zip\" target=\"_blank\">http:\/\/www.avancesi.com.uy\/clientes\/shaymon\/update.zip<\/a><\/p>\n<p>4. Descomprimirlo.<\/p>\n<p>5. Copiar el contenido de la carpeta actualiza 01 a <em><strong>C:\\AppServ\\www<\/strong><\/em> sustituyendo los\u00a0archivos y\/o carpetas que all\u00ed se encuentran.<\/p>\n<p>6. Copiar el contenido de la carpeta actualiza 02 a <em><strong>C:\\AppServ\\www<\/strong><\/em> sustituyendo los\u00a0archivos y\/o carpetas que all\u00ed se encuentran.<\/p>\n<p>7. Descargar el archivo <a href=\"http:\/\/www.avancesi.com.uy\/sgt20\/manager.exe\" target=\"_blank\">http:\/\/www.avancesi.com.uy\/sgt20\/manager.exe<\/a> y realizar la\u00a0instalaci\u00f3n del mismo con todas las opciones por defecto.<\/p>\n<p>8. Abrir el SQL Manager de Firebird reci\u00e9n instalado, agregar el host del PC que act\u00faa\u00a0como servidor y registrar la base de datos.<\/p>\n<p>9. Luego sobre esa base de datos ejecutar el siguiente comando SQL:<\/p>\n<p><em>ALTER TABLE CLIENTES ADD LOGIN T_NOMBRE COLLATE NONE;<\/em><\/p>\n<p><em>ALTER TABLE CLIENTES ADD \u00abPASSWORD\u00bb T_NOMBRE COLLATE<\/em><br \/>\n<em>NONE;<\/em><\/p>\n<p>10. Instalaci\u00f3n finalizada.<\/p>\n<p><strong>Un s\u00f3lo detalle que se encontr\u00f3 en algunos PC\u2019s es que si en la misma m\u00e1quina que esta<\/strong><br \/>\n<strong>ejecutando el apache est\u00e1 instalado Skype ejecutandose apache no funciona.<\/strong><\/p>\n","protected":false},"excerpt":{"rendered":"<p>Segunda parte de instalaci\u00f3n del M\u00f3dulo\u00a0Web ATENCI\u00d3N: Este documento aplica a una versi\u00f3n antigua del m\u00f3dulo WEB de consultas de SGTaller\u00a0exclusiva\u00a0para clientes que tienen la versi\u00f3n 2.0 de SGTaller \u00a0y adquirieron licencia de la misma. El soporte es exclusivo para estos clientes, en otro caso no instalar est\u00e1 versi\u00f3n. 1. [&hellip;]<\/p>\n","protected":false},"author":1,"featured_media":0,"parent":24,"menu_order":2,"comment_status":"open","ping_status":"open","template":"","meta":{"footnotes":""},"class_list":["post-168","page","type-page","status-publish","hentry"],"_links":{"self":[{"href":"http:\/\/sgtaller.com\/ayuda\/wp-json\/wp\/v2\/pages\/168","targetHints":{"allow":["GET"]}}],"collection":[{"href":"http:\/\/sgtaller.com\/ayuda\/wp-json\/wp\/v2\/pages"}],"about":[{"href":"http:\/\/sgtaller.com\/ayuda\/wp-json\/wp\/v2\/types\/page"}],"author":[{"embeddable":true,"href":"http:\/\/sgtaller.com\/ayuda\/wp-json\/wp\/v2\/users\/1"}],"replies":[{"embeddable":true,"href":"http:\/\/sgtaller.com\/ayuda\/wp-json\/wp\/v2\/comments?post=168"}],"version-history":[{"count":4,"href":"http:\/\/sgtaller.com\/ayuda\/wp-json\/wp\/v2\/pages\/168\/revisions"}],"predecessor-version":[{"id":175,"href":"http:\/\/sgtaller.com\/ayuda\/wp-json\/wp\/v2\/pages\/168\/revisions\/175"}],"up":[{"embeddable":true,"href":"http:\/\/sgtaller.com\/ayuda\/wp-json\/wp\/v2\/pages\/24"}],"wp:attachment":[{"href":"http:\/\/sgtaller.com\/ayuda\/wp-json\/wp\/v2\/media?parent=168"}],"curies":[{"name":"wp","href":"https:\/\/api.w.org\/{rel}","templated":true}]}}