{"id":250,"date":"2012-09-19T17:23:40","date_gmt":"2012-09-19T17:23:40","guid":{"rendered":"http:\/\/sgtaller.com\/ayuda\/?page_id=250"},"modified":"2012-09-19T17:23:40","modified_gmt":"2012-09-19T17:23:40","slug":"respaldar-la-informacion-de-sgtaller","status":"publish","type":"page","link":"http:\/\/sgtaller.com\/ayuda\/ayuda-en-general\/respaldar-la-informacion-de-sgtaller\/","title":{"rendered":"Respaldar la Informaci\u00f3n de SGTaller"},"content":{"rendered":"<p>La base de datos de SGTaller se encuentra por defecto en \u00a0la carpeta <em><strong>Base<\/strong> <\/em>y se llama <em><strong>service.fdb<\/strong><\/em>, \u00a0la carpeta se encuentra donde est\u00e1 \u00a0instalado el programa que generalmente es en <em><strong>C:\\SGTaller 2<\/strong><\/em> o <em><strong>C:\\SGTaller 3<\/strong> <\/em>dependiendo de la versi\u00f3n que tenga.<\/p>\n<p>Este archivo<strong><em> SERVICE.FDB<\/em><\/strong> contiene toda la informaci\u00f3n del programa (la de todos los m\u00f3dulos).<em><strong> Respaldando ese archivo ya queda respaldada toda su informaci\u00f3n<\/strong><\/em>. Siempre hablamos que debe ser la del PC que act\u00faa de servidor, as\u00ed que respaldando dicho archivo en un medio externo al PC como un CD, DVD o disco duro externo es suficiente.<\/p>\n<p>Si Ud. tiene reportes de \u00a0impresi\u00f3n personalizados le recomiendo que respalde la carpeta <em><strong>Reportes<\/strong><\/em> o de lo contrario respalde toda la carpeta donde se encuentra instalado SGTaller para mayor seguridad.<\/p>\n","protected":false},"excerpt":{"rendered":"<p>La base de datos de SGTaller se encuentra por defecto en \u00a0la carpeta Base y se llama service.fdb, \u00a0la carpeta se encuentra donde est\u00e1 \u00a0instalado el programa que generalmente es en C:\\SGTaller 2 o C:\\SGTaller 3 dependiendo de la versi\u00f3n que tenga. Este archivo SERVICE.FDB contiene toda la informaci\u00f3n del [&hellip;]<\/p>\n","protected":false},"author":1,"featured_media":0,"parent":26,"menu_order":8,"comment_status":"open","ping_status":"open","template":"","meta":{"footnotes":""},"class_list":["post-250","page","type-page","status-publish","hentry"],"_links":{"self":[{"href":"http:\/\/sgtaller.com\/ayuda\/wp-json\/wp\/v2\/pages\/250","targetHints":{"allow":["GET"]}}],"collection":[{"href":"http:\/\/sgtaller.com\/ayuda\/wp-json\/wp\/v2\/pages"}],"about":[{"href":"http:\/\/sgtaller.com\/ayuda\/wp-json\/wp\/v2\/types\/page"}],"author":[{"embeddable":true,"href":"http:\/\/sgtaller.com\/ayuda\/wp-json\/wp\/v2\/users\/1"}],"replies":[{"embeddable":true,"href":"http:\/\/sgtaller.com\/ayuda\/wp-json\/wp\/v2\/comments?post=250"}],"version-history":[{"count":2,"href":"http:\/\/sgtaller.com\/ayuda\/wp-json\/wp\/v2\/pages\/250\/revisions"}],"predecessor-version":[{"id":252,"href":"http:\/\/sgtaller.com\/ayuda\/wp-json\/wp\/v2\/pages\/250\/revisions\/252"}],"up":[{"embeddable":true,"href":"http:\/\/sgtaller.com\/ayuda\/wp-json\/wp\/v2\/pages\/26"}],"wp:attachment":[{"href":"http:\/\/sgtaller.com\/ayuda\/wp-json\/wp\/v2\/media?parent=250"}],"curies":[{"name":"wp","href":"https:\/\/api.w.org\/{rel}","templated":true}]}}