{"id":29,"date":"2012-05-28T13:08:43","date_gmt":"2012-05-28T13:08:43","guid":{"rendered":"http:\/\/sgtaller.com\/ayuda\/?page_id=29"},"modified":"2017-08-17T14:57:10","modified_gmt":"2017-08-17T14:57:10","slug":"manual-de-usuario","status":"publish","type":"page","link":"http:\/\/sgtaller.com\/ayuda\/otros-modulos\/manual-de-usuario\/","title":{"rendered":"Manual de Usuario Control de Garant\u00edas"},"content":{"rendered":"<p>Manual de Usuario del M\u00f3dulo de Control de Garant\u00edas:\u00a0<a title=\"Descargar Manual\" href=\"http:\/\/sgtaller.com\/ayuda\/wp-content\/uploads\/2012\/05\/ControlDeGarantias.pdf\" target=\"_blank\">ControlDeGarantias<\/a><\/p>\n","protected":false},"excerpt":{"rendered":"<p>Manual de Usuario del M\u00f3dulo de Control de Garant\u00edas:\u00a0ControlDeGarantias<\/p>\n","protected":false},"author":2,"featured_media":0,"parent":1074,"menu_order":0,"comment_status":"open","ping_status":"closed","template":"","meta":{"footnotes":""},"class_list":["post-29","page","type-page","status-publish","hentry"],"_links":{"self":[{"href":"http:\/\/sgtaller.com\/ayuda\/wp-json\/wp\/v2\/pages\/29","targetHints":{"allow":["GET"]}}],"collection":[{"href":"http:\/\/sgtaller.com\/ayuda\/wp-json\/wp\/v2\/pages"}],"about":[{"href":"http:\/\/sgtaller.com\/ayuda\/wp-json\/wp\/v2\/types\/page"}],"author":[{"embeddable":true,"href":"http:\/\/sgtaller.com\/ayuda\/wp-json\/wp\/v2\/users\/2"}],"replies":[{"embeddable":true,"href":"http:\/\/sgtaller.com\/ayuda\/wp-json\/wp\/v2\/comments?post=29"}],"version-history":[{"count":3,"href":"http:\/\/sgtaller.com\/ayuda\/wp-json\/wp\/v2\/pages\/29\/revisions"}],"predecessor-version":[{"id":1079,"href":"http:\/\/sgtaller.com\/ayuda\/wp-json\/wp\/v2\/pages\/29\/revisions\/1079"}],"up":[{"embeddable":true,"href":"http:\/\/sgtaller.com\/ayuda\/wp-json\/wp\/v2\/pages\/1074"}],"wp:attachment":[{"href":"http:\/\/sgtaller.com\/ayuda\/wp-json\/wp\/v2\/media?parent=29"}],"curies":[{"name":"wp","href":"https:\/\/api.w.org\/{rel}","templated":true}]}}