{"id":370,"date":"2013-03-14T01:32:57","date_gmt":"2013-03-14T01:32:57","guid":{"rendered":"http:\/\/sgtaller.com\/ayuda\/?page_id=370"},"modified":"2013-03-18T18:20:41","modified_gmt":"2013-03-18T18:20:41","slug":"version-2013-puesta-en-marcha","status":"publish","type":"page","link":"http:\/\/sgtaller.com\/ayuda\/modulo-web\/version-2013-puesta-en-marcha\/","title":{"rendered":"Versi\u00f3n 2013 &#8211; Puesta en Marcha"},"content":{"rendered":"<h2>Instalaci\u00f3n de SGWeb en Windows<\/h2>\n<p>Una vez que se confirma la suscripci\u00f3n a SGWeb, recibe un correo electr\u00f3nico para descargar la aplicaci\u00f3n que debe instalar en un PC de su red (con acceso a la base de datos de SGTaller). Es recomendable instalar el mismo en el PC que act\u00faa de servidor (aunque no es imprescindible) y que el mismo<strong> se instale<\/strong> <strong>en un solo PC<\/strong>.<\/p>\n<p>Una vez instalado el programa, puede ver el mismo haciendo clic en el icono en la barra de tareas de Windows junto a la hora.<\/p>\n<p><a href=\"http:\/\/sgtaller.com\/ayuda\/wp-content\/uploads\/2013\/03\/icono-barra-tareas.png\"><img loading=\"lazy\" decoding=\"async\" class=\"alignnone size-full wp-image-376\" alt=\"icono-barra-tareas\" src=\"http:\/\/sgtaller.com\/ayuda\/wp-content\/uploads\/2013\/03\/icono-barra-tareas.png\" width=\"283\" height=\"225\" \/><\/a><\/p>\n<h2>Configuraci\u00f3n de SGWeb en Windows<\/h2>\n<p>Es necesario establecer la siguiente configuraci\u00f3n:<\/p>\n<ul>\n<li><span style=\"line-height: 13px;\">Acceso a su base de datos local (service.fdb).<\/span><\/li>\n<li>Servidor Web donde est\u00e1 alojada la aplicaci\u00f3n SGWeb en Internet y tiempo de actualizaci\u00f3n.<\/li>\n<li>Licencia.<\/li>\n<\/ul>\n<h3>Acceso a su base de datos local<\/h3>\n<p>Por defecto, el programa est\u00e1 configurado para buscar su base de datos local en la carpeta <em>C:\\SGTaller 3\\Base\\service.fdb<\/em> en la misma m\u00e1quina en la que est\u00e1 instalada la aplicaci\u00f3n, por lo que si usted tiene instalada la base de datos en esa carpeta no debe cambiar ning\u00fan valor. En caso que su base de datos <em>service.fdb<\/em> se encuentre en otra carpeta o en otro PC es necesario configurar el acceso a la misma:<\/p>\n<ol>\n<li><span style=\"line-height: 13px;\">Abrir la carpeta <em>C:\\SGTaller 3\\Modulos\\SGWeb<\/em><\/span><\/li>\n<li>Abrir el archivo <em>config.ini<\/em> (se abre en el Bloc de Notas).<\/li>\n<li>En el archivo config.ini debemos cambiar los valores:\n<ol>\n<li>IPServer: es el nombre del PC (servidor) donde se encuentra la base de datos, se puede poner el nombre o la direcci\u00f3n IP.<\/li>\n<li>RutaBD: es la ruta completa hacia el archivo service.fdb<\/li>\n<\/ol>\n<\/li>\n<\/ol>\n<p><a href=\"http:\/\/sgtaller.com\/ayuda\/wp-content\/uploads\/2013\/03\/configuracion-sgweb.png\"><img loading=\"lazy\" decoding=\"async\" class=\"alignnone size-full wp-image-380\" alt=\"configuracion-sgweb\" src=\"http:\/\/sgtaller.com\/ayuda\/wp-content\/uploads\/2013\/03\/configuracion-sgweb.png\" width=\"557\" height=\"197\" srcset=\"http:\/\/sgtaller.com\/ayuda\/wp-content\/uploads\/2013\/03\/configuracion-sgweb.png 557w, http:\/\/sgtaller.com\/ayuda\/wp-content\/uploads\/2013\/03\/configuracion-sgweb-300x106.png 300w\" sizes=\"auto, (max-width: 557px) 100vw, 557px\" \/><\/a><\/p>\n<p>&nbsp;<\/p>\n<h3>Servidor Web donde est\u00e1 alojada la aplicaci\u00f3n SGWeb en Internet.<\/h3>\n<ol>\n<li>Hacer clic en el icono de SGWeb en la barra de tareas junto a la hora con el bot\u00f3n derecho del mouse.<\/li>\n<li>Hacer clic en la opci\u00f3n <em>Configuraci\u00f3n Web<\/em>.<\/li>\n<li>En la ventana que se abre debe ingresar:<\/li>\n<\/ol>\n<p style=\"padding-left: 60px;\"><a href=\"http:\/\/sgtaller.com\/ayuda\/wp-content\/uploads\/2013\/03\/configuracion-sgweb-2.png\"><img loading=\"lazy\" decoding=\"async\" class=\"alignnone size-full wp-image-387\" alt=\"configuracion-sgweb-2\" src=\"http:\/\/sgtaller.com\/ayuda\/wp-content\/uploads\/2013\/03\/configuracion-sgweb-2.png\" width=\"276\" height=\"248\" \/><\/a><\/p>\n<ol>\n<li><strong>Web<\/strong>: La URL (direcci\u00f3n Web) del servidor donde se encuentra SGWeb, que ser\u00e1 suministrada por personal t\u00e9cnico de SGTaller.<\/li>\n<li><strong>Tiempo<\/strong>: establece en minutos cada cuanto tiempo el programa va a realizar actualizaciones desde Internet con presupuestos aceptados o rechazados.<\/li>\n<\/ol>\n<ol>\n<li>Hacer clic en <em>Guardar Datos<\/em>.<\/li>\n<li>Hacer clic en <em>Salir<\/em>.<\/li>\n<\/ol>\n<h3>Licencia<\/h3>\n<p>La licencia es un n\u00famero que ser\u00e1 suministrada por personal t\u00e9cnico de SGTaller y permite la correcta actualizaci\u00f3n de datos entre su SGTaller y SGWeb. Para ingresar la licencia:<\/p>\n<ol>\n<li>Hacer clic en el icono de SGWeb en la barra de tareas junto a la hora con el bot\u00f3n derecho del mouse.<\/li>\n<li>Hacer clic en la opci\u00f3n\u00a0<em>Licencia<\/em>.<\/li>\n<li>Ingresar el n\u00famero de licencia en el campo <em>Licencia<\/em>.<\/li>\n<li>Hacer clic en\u00a0<em>Guardar Datos<\/em>.<\/li>\n<li>Hacer clic en\u00a0<em>Salir<\/em>.<\/li>\n<\/ol>\n","protected":false},"excerpt":{"rendered":"<p>Instalaci\u00f3n de SGWeb en Windows Una vez que se confirma la suscripci\u00f3n a SGWeb, recibe un correo electr\u00f3nico para descargar la aplicaci\u00f3n que debe instalar en un PC de su red (con acceso a la base de datos de SGTaller). Es recomendable instalar el mismo en el PC que act\u00faa [&hellip;]<\/p>\n","protected":false},"author":1,"featured_media":0,"parent":24,"menu_order":3,"comment_status":"open","ping_status":"open","template":"","meta":{"footnotes":""},"class_list":["post-370","page","type-page","status-publish","hentry"],"_links":{"self":[{"href":"http:\/\/sgtaller.com\/ayuda\/wp-json\/wp\/v2\/pages\/370","targetHints":{"allow":["GET"]}}],"collection":[{"href":"http:\/\/sgtaller.com\/ayuda\/wp-json\/wp\/v2\/pages"}],"about":[{"href":"http:\/\/sgtaller.com\/ayuda\/wp-json\/wp\/v2\/types\/page"}],"author":[{"embeddable":true,"href":"http:\/\/sgtaller.com\/ayuda\/wp-json\/wp\/v2\/users\/1"}],"replies":[{"embeddable":true,"href":"http:\/\/sgtaller.com\/ayuda\/wp-json\/wp\/v2\/comments?post=370"}],"version-history":[{"count":21,"href":"http:\/\/sgtaller.com\/ayuda\/wp-json\/wp\/v2\/pages\/370\/revisions"}],"predecessor-version":[{"id":393,"href":"http:\/\/sgtaller.com\/ayuda\/wp-json\/wp\/v2\/pages\/370\/revisions\/393"}],"up":[{"embeddable":true,"href":"http:\/\/sgtaller.com\/ayuda\/wp-json\/wp\/v2\/pages\/24"}],"wp:attachment":[{"href":"http:\/\/sgtaller.com\/ayuda\/wp-json\/wp\/v2\/media?parent=370"}],"curies":[{"name":"wp","href":"https:\/\/api.w.org\/{rel}","templated":true}]}}