{"id":492,"date":"2013-08-29T23:24:45","date_gmt":"2013-08-29T23:24:45","guid":{"rendered":"http:\/\/sgtaller.com\/ayuda\/?page_id=492"},"modified":"2013-08-29T23:24:45","modified_gmt":"2013-08-29T23:24:45","slug":"configurar-los-perfiles-de-los-usuarios-de-sgtaller-3","status":"publish","type":"page","link":"http:\/\/sgtaller.com\/ayuda\/pagina-ejemplo\/configurar-los-perfiles-de-los-usuarios-de-sgtaller-3\/","title":{"rendered":"Configurar los Perfiles de los Usuarios de SGTaller 3"},"content":{"rendered":"<p dir=\"ltr\" id=\"docs-internal-guid-618fcc53-cc63-24e8-b0e2-900fff85b4f9\">Entrando en <em><strong>Archivos<\/strong> <\/em>-&gt; <strong><em>Usuarios<\/em> <\/strong>-&gt; Usuarios de sistema, se despliega una ventana donde podemos Agregar, Modificar y Eliminar. Adem\u00e1s podremos configurar los Permisos y lo Privilegios que daremos a los Usuarios de SGTaller.<\/p>\n<p><img decoding=\"async\" alt=\"\" src=\"https:\/\/lh6.googleusercontent.com\/LNCff7t7R_n_UaL71yR8NWoLw4n2Cn9myS6sSZ8pbmgsxGA0GxnGlAK5SVaToLdEXOKRXoSJsjuxDyWYGStxtOloYekOR6_H-WNFD3TyHAFjguDHB4Q\" width=\"719px;\" height=\"386px;\" \/><\/p>\n<p dir=\"ltr\">Como ver\u00e1, los check box (Archivo, Equipos, Reparaciones, Serv. Domicilio, etc), son los mismos t\u00edtulos de la barra de herramientas de SGTaller.<\/p>\n<p dir=\"ltr\">Para dar acceso a \u00e9stos men\u00faes, deber\u00e1 marcar \u00e9stos check box.<\/p>\n<p dir=\"ltr\">Luego, podr\u00e1 determinar en que opciones cada usuario tendr\u00e1 permiso para ver\/eliminar\/modificar los datos.<\/p>\n<p dir=\"ltr\">En el caso mostrado en la imagen de ejemplo, el usuario \u00a0seleccionado s\u00f3lo puede acceder a :<\/p>\n<p dir=\"ltr\">Archivos -&gt; Usuarios y all\u00ed podr\u00e1 agregar\/Eliminar\/Modificar los permisos y privilegios de todos los usuarios del sistema.<\/p>\n","protected":false},"excerpt":{"rendered":"<p>Entrando en Archivos -&gt; Usuarios -&gt; Usuarios de sistema, se despliega una ventana donde podemos Agregar, Modificar y Eliminar. Adem\u00e1s podremos configurar los Permisos y lo Privilegios que daremos a los Usuarios de SGTaller. Como ver\u00e1, los check box (Archivo, Equipos, Reparaciones, Serv. Domicilio, etc), son los mismos t\u00edtulos de [&hellip;]<\/p>\n","protected":false},"author":1,"featured_media":0,"parent":2,"menu_order":0,"comment_status":"open","ping_status":"open","template":"","meta":{"footnotes":""},"class_list":["post-492","page","type-page","status-publish","hentry"],"_links":{"self":[{"href":"http:\/\/sgtaller.com\/ayuda\/wp-json\/wp\/v2\/pages\/492","targetHints":{"allow":["GET"]}}],"collection":[{"href":"http:\/\/sgtaller.com\/ayuda\/wp-json\/wp\/v2\/pages"}],"about":[{"href":"http:\/\/sgtaller.com\/ayuda\/wp-json\/wp\/v2\/types\/page"}],"author":[{"embeddable":true,"href":"http:\/\/sgtaller.com\/ayuda\/wp-json\/wp\/v2\/users\/1"}],"replies":[{"embeddable":true,"href":"http:\/\/sgtaller.com\/ayuda\/wp-json\/wp\/v2\/comments?post=492"}],"version-history":[{"count":1,"href":"http:\/\/sgtaller.com\/ayuda\/wp-json\/wp\/v2\/pages\/492\/revisions"}],"predecessor-version":[{"id":493,"href":"http:\/\/sgtaller.com\/ayuda\/wp-json\/wp\/v2\/pages\/492\/revisions\/493"}],"up":[{"embeddable":true,"href":"http:\/\/sgtaller.com\/ayuda\/wp-json\/wp\/v2\/pages\/2"}],"wp:attachment":[{"href":"http:\/\/sgtaller.com\/ayuda\/wp-json\/wp\/v2\/media?parent=492"}],"curies":[{"name":"wp","href":"https:\/\/api.w.org\/{rel}","templated":true}]}}