{"id":685,"date":"2014-04-08T19:52:46","date_gmt":"2014-04-08T19:52:46","guid":{"rendered":"http:\/\/sgtaller.com\/ayuda\/?page_id=685"},"modified":"2022-10-20T20:37:59","modified_gmt":"2022-10-20T20:37:59","slug":"importar-articulos","status":"publish","type":"page","link":"http:\/\/sgtaller.com\/ayuda\/gestion\/importar-articulos\/","title":{"rendered":"Importar Art\u00edculos"},"content":{"rendered":"<blockquote>\n<p>A partir de la versi\u00f3n 2.7.2 del m\u00f3dulo de Gesti\u00f3n es posible importar art\u00edculos a la base de datos del programa desde un archivo en formato Excel.<\/p>\n<\/blockquote>\n<h1>Proceso de Importaci\u00f3n<\/h1>\n<ol>\n<li>Entrar a <strong><em>Archivo<\/em> <\/strong>\/ <strong><em>Art\u00edculos<\/em><\/strong>.<\/li>\n<li>Clic en el bot\u00f3n <strong><em>Importar<\/em><\/strong>.<\/li>\n<li>Nos solicita clave de supervisor para realizar la tarea (por defecto, es <strong>service<\/strong>), ingresamos la misma y hacemos clic en <strong><em>Aceptar.<a href=\"http:\/\/sgtaller.com\/ayuda\/wp-content\/uploads\/2014\/04\/Sin-t\u00edtulo.png\" rel=\"attachment wp-att-910\"><img loading=\"lazy\" decoding=\"async\" class=\"aligncenter wp-image-910 size-full\" src=\"http:\/\/sgtaller.com\/ayuda\/wp-content\/uploads\/2014\/04\/Sin-t\u00edtulo.png\" alt=\"Sin t\u00edtulo\" width=\"1079\" height=\"714\" srcset=\"http:\/\/sgtaller.com\/ayuda\/wp-content\/uploads\/2014\/04\/Sin-t\u00edtulo.png 1079w, http:\/\/sgtaller.com\/ayuda\/wp-content\/uploads\/2014\/04\/Sin-t\u00edtulo-300x199.png 300w, http:\/\/sgtaller.com\/ayuda\/wp-content\/uploads\/2014\/04\/Sin-t\u00edtulo-768x508.png 768w, http:\/\/sgtaller.com\/ayuda\/wp-content\/uploads\/2014\/04\/Sin-t\u00edtulo-1024x678.png 1024w\" sizes=\"auto, (max-width: 1079px) 100vw, 1079px\" \/><\/a><br \/><\/em><\/strong><\/li>\n<li>Primero seleccionar el archivo en Excel que se va a importar. <span style=\"color: #ff0000;\"><strong>Descargar aqu\u00ed &#8212;-&gt;<\/strong><\/span>\u00a0 <a href=\"http:\/\/sgtaller.com\/ayuda\/wp-content\/uploads\/2022\/10\/ImportacionEjemplo-4.xlsx\" target=\"_blank\" rel=\"noopener\"><strong>Archivo de Ejemplo<\/strong> <\/a>\u00a0(Ejemplo de Archivo en Excel). Del archivo debemos tener en cuenta:\n<ol>\n<li>El campo <strong>C\u00d3DIGO<\/strong> no debe tener m\u00e1s de 13\u00a0caracteres.<\/li>\n<li>El campo\u00a0<b>DESCRIPCI\u00d3N<\/b>\u00a0no debe tener m\u00e1s de 50 caracteres.<\/li>\n<li>El campo <strong>CANTIDAD<\/strong> debe tener un valor num\u00e9rico o cero. Con el valor de este campo se inicializar\u00e1\u00a0el stock del art\u00edculo.<\/li>\n<li>El campo <strong>PRECIO DE COSTO<\/strong> \u00a0es el valor de costo del art\u00edculo en la moneda que sea expresada en el campo <strong>MONEDA<\/strong> (que debemos colocar el valor 1 para moneda nacional y 2 para d\u00f3lares).<\/li>\n<li>El resto de los campos corresponden a precios de venta en USD y moneda nacional.<\/li>\n<li>El campo <strong>CODIGO DE BARRAS<\/strong>,\u00a0debemos colocar un codigo de barras numerico de hasta 25 caracteres.<\/li>\n<li>El campo <strong>UBICACION<\/strong>, <strong>SUB-UBICACION<\/strong>, <strong>MARCA<\/strong>, <strong>MODELO<\/strong> y <strong>FAMILIA<\/strong> debemos colocar los <strong>c\u00f3digos<\/strong> correspondientes a cada uno. La ubicaci\u00f3n y sub ubicaci\u00f3n deben coincidir, al igual que la marca y modelo.<a href=\"http:\/\/sgtaller.com\/ayuda\/wp-content\/uploads\/2014\/04\/eje2.png\" rel=\"attachment wp-att-912\"><img loading=\"lazy\" decoding=\"async\" class=\"alignleft wp-image-912 size-full\" src=\"http:\/\/sgtaller.com\/ayuda\/wp-content\/uploads\/2014\/04\/eje2.png\" alt=\"eje2\" width=\"701\" height=\"655\" srcset=\"http:\/\/sgtaller.com\/ayuda\/wp-content\/uploads\/2014\/04\/eje2.png 701w, http:\/\/sgtaller.com\/ayuda\/wp-content\/uploads\/2014\/04\/eje2-300x280.png 300w\" sizes=\"auto, (max-width: 701px) 100vw, 701px\" \/><\/a>\u00a0<a href=\"http:\/\/sgtaller.com\/ayuda\/wp-content\/uploads\/2014\/04\/eje3.png\" rel=\"attachment wp-att-913\"><img loading=\"lazy\" decoding=\"async\" class=\"aligncenter wp-image-913 size-full\" src=\"http:\/\/sgtaller.com\/ayuda\/wp-content\/uploads\/2014\/04\/eje3.png\" alt=\"eje3\" width=\"753\" height=\"432\" srcset=\"http:\/\/sgtaller.com\/ayuda\/wp-content\/uploads\/2014\/04\/eje3.png 753w, http:\/\/sgtaller.com\/ayuda\/wp-content\/uploads\/2014\/04\/eje3-300x172.png 300w\" sizes=\"auto, (max-width: 753px) 100vw, 753px\" \/><\/a><\/li>\n<\/ol>\n<\/li>\n<\/ol>\n<p>Luego hacer clic en \u00ab<em><strong>Cargar Archivo en Pantalla<\/strong><\/em>\u00bb para obtener una vista previa de lo que vamos a importar.<\/p>\n<ol>\n<li>Si todo est\u00e1 correcto hacemos clic en el bot\u00f3n <em><strong>Importar<\/strong><\/em>.<\/li>\n<li>Cuando el proceso finaliza, sino hubieron errores puede cerrar la ventana.<\/li>\n<\/ol>\n<p><strong>NOTA<\/strong>:\u00a0Se reemplazar\u00e1n todas las cantidades de los art\u00edculos que tenga ingresados.<\/p>\n<p>Si lo que desea, es actualizar el stock (se suman las cantidades) debe marcar la opci\u00f3n y despu\u00e9s presionar el bot\u00f3n importar.<\/p>\n<p><a href=\"http:\/\/sgtaller.com\/ayuda\/wp-content\/uploads\/2014\/04\/Sin-t\u00edtulo-1.png\" rel=\"attachment wp-att-914\"><img loading=\"lazy\" decoding=\"async\" class=\"aligncenter wp-image-914 size-full\" src=\"http:\/\/sgtaller.com\/ayuda\/wp-content\/uploads\/2014\/04\/Sin-t\u00edtulo-1.png\" alt=\"Sin t\u00edtulo\" width=\"621\" height=\"116\" srcset=\"http:\/\/sgtaller.com\/ayuda\/wp-content\/uploads\/2014\/04\/Sin-t\u00edtulo-1.png 621w, http:\/\/sgtaller.com\/ayuda\/wp-content\/uploads\/2014\/04\/Sin-t\u00edtulo-1-300x56.png 300w\" sizes=\"auto, (max-width: 621px) 100vw, 621px\" \/><\/a><\/p>\n\n\n<figure class=\"wp-block-embed is-type-video is-provider-youtube wp-block-embed-youtube wp-embed-aspect-16-9 wp-has-aspect-ratio\"><div class=\"wp-block-embed__wrapper\">\n<iframe loading=\"lazy\" title=\"SGTaller - M\u00f3dulo de Gesti\u00f3n: Importar Art\u00edculos.\" width=\"750\" height=\"422\" src=\"https:\/\/www.youtube.com\/embed\/Lbi1xxHVqvM?feature=oembed\" frameborder=\"0\" allow=\"accelerometer; autoplay; clipboard-write; encrypted-media; gyroscope; picture-in-picture\" allowfullscreen><\/iframe>\n<\/div><\/figure>\n","protected":false},"excerpt":{"rendered":"<p>A partir de la versi\u00f3n 2.7.2 del m\u00f3dulo de Gesti\u00f3n es posible importar art\u00edculos a la base de datos del programa desde un archivo en formato Excel. Proceso de Importaci\u00f3n Entrar a Archivo \/ Art\u00edculos. Clic en el bot\u00f3n Importar. Nos solicita clave de supervisor para realizar la tarea (por [&hellip;]<\/p>\n","protected":false},"author":1,"featured_media":0,"parent":20,"menu_order":3,"comment_status":"open","ping_status":"open","template":"","meta":{"footnotes":""},"class_list":["post-685","page","type-page","status-publish","hentry"],"_links":{"self":[{"href":"http:\/\/sgtaller.com\/ayuda\/wp-json\/wp\/v2\/pages\/685","targetHints":{"allow":["GET"]}}],"collection":[{"href":"http:\/\/sgtaller.com\/ayuda\/wp-json\/wp\/v2\/pages"}],"about":[{"href":"http:\/\/sgtaller.com\/ayuda\/wp-json\/wp\/v2\/types\/page"}],"author":[{"embeddable":true,"href":"http:\/\/sgtaller.com\/ayuda\/wp-json\/wp\/v2\/users\/1"}],"replies":[{"embeddable":true,"href":"http:\/\/sgtaller.com\/ayuda\/wp-json\/wp\/v2\/comments?post=685"}],"version-history":[{"count":11,"href":"http:\/\/sgtaller.com\/ayuda\/wp-json\/wp\/v2\/pages\/685\/revisions"}],"predecessor-version":[{"id":1620,"href":"http:\/\/sgtaller.com\/ayuda\/wp-json\/wp\/v2\/pages\/685\/revisions\/1620"}],"up":[{"embeddable":true,"href":"http:\/\/sgtaller.com\/ayuda\/wp-json\/wp\/v2\/pages\/20"}],"wp:attachment":[{"href":"http:\/\/sgtaller.com\/ayuda\/wp-json\/wp\/v2\/media?parent=685"}],"curies":[{"name":"wp","href":"https:\/\/api.w.org\/{rel}","templated":true}]}}