{"id":718,"date":"2014-09-24T20:08:36","date_gmt":"2014-09-24T20:08:36","guid":{"rendered":"http:\/\/sgtaller.com\/ayuda\/?page_id=718"},"modified":"2014-09-24T20:08:51","modified_gmt":"2014-09-24T20:08:51","slug":"sgtaller-stock-de-repuestos-sanos-y-danados-por-tecnico","status":"publish","type":"page","link":"http:\/\/sgtaller.com\/ayuda\/pagina-ejemplo\/sgtaller-stock-de-repuestos-sanos-y-danados-por-tecnico\/","title":{"rendered":"Stock de Repuestos Sanos y Da\u00f1ados por T\u00e9cnico"},"content":{"rendered":"<p><iframe loading=\"lazy\" style=\"border: 1px solid #CCC; border-width: 1px; margin-bottom: 5px; max-width: 100%;\" src=\"\/\/www.slideshare.net\/slideshow\/embed_code\/39490943\" width=\"425\" height=\"355\" frameborder=\"0\" marginwidth=\"0\" marginheight=\"0\" scrolling=\"no\" allowfullscreen=\"allowfullscreen\"> <\/iframe><\/p>\n<div style=\"margin-bottom: 5px;\"><strong> <a title=\"SGTaller: Stock de Repuestos Sanos y Da\u00f1ados por T\u00e9cnico\" href=\"\/\/www.slideshare.net\/dandia28\/sgtaller-stock-de-repuestos-sanos-y-daados-por-tcnico\" target=\"_blank\">SGTaller: Stock de Repuestos Sanos y Da\u00f1ados por T\u00e9cnico<\/a> <\/strong> from <strong><a href=\"\/\/www.slideshare.net\/dandia28\" target=\"_blank\">Avance Soluciones Inform\u00e1ticas<\/a><\/strong><\/div>\n","protected":false},"excerpt":{"rendered":"<p>SGTaller: Stock de Repuestos Sanos y Da\u00f1ados por T\u00e9cnico from Avance Soluciones Inform\u00e1ticas<\/p>\n","protected":false},"author":1,"featured_media":0,"parent":2,"menu_order":0,"comment_status":"open","ping_status":"open","template":"","meta":{"footnotes":""},"class_list":["post-718","page","type-page","status-publish","hentry"],"_links":{"self":[{"href":"http:\/\/sgtaller.com\/ayuda\/wp-json\/wp\/v2\/pages\/718","targetHints":{"allow":["GET"]}}],"collection":[{"href":"http:\/\/sgtaller.com\/ayuda\/wp-json\/wp\/v2\/pages"}],"about":[{"href":"http:\/\/sgtaller.com\/ayuda\/wp-json\/wp\/v2\/types\/page"}],"author":[{"embeddable":true,"href":"http:\/\/sgtaller.com\/ayuda\/wp-json\/wp\/v2\/users\/1"}],"replies":[{"embeddable":true,"href":"http:\/\/sgtaller.com\/ayuda\/wp-json\/wp\/v2\/comments?post=718"}],"version-history":[{"count":2,"href":"http:\/\/sgtaller.com\/ayuda\/wp-json\/wp\/v2\/pages\/718\/revisions"}],"predecessor-version":[{"id":720,"href":"http:\/\/sgtaller.com\/ayuda\/wp-json\/wp\/v2\/pages\/718\/revisions\/720"}],"up":[{"embeddable":true,"href":"http:\/\/sgtaller.com\/ayuda\/wp-json\/wp\/v2\/pages\/2"}],"wp:attachment":[{"href":"http:\/\/sgtaller.com\/ayuda\/wp-json\/wp\/v2\/media?parent=718"}],"curies":[{"name":"wp","href":"https:\/\/api.w.org\/{rel}","templated":true}]}}