{"id":800,"date":"2015-08-24T19:54:07","date_gmt":"2015-08-24T19:54:07","guid":{"rendered":"http:\/\/sgtaller.com\/ayuda\/?page_id=800"},"modified":"2017-08-17T14:56:24","modified_gmt":"2017-08-17T14:56:24","slug":"facturacion-electronica-mexico","status":"publish","type":"page","link":"http:\/\/sgtaller.com\/ayuda\/fe-uruguay\/facturacion-electronica-mexico\/","title":{"rendered":"Manual de Facturaci\u00f3n Electr\u00f3nica M\u00e9xico"},"content":{"rendered":"<h1><b>Manual del Usuario<\/b><\/h1>\n<h2><b>Especificaciones T\u00e9cnicas<\/b><\/h2>\n<ul>\n<li><span style=\"font-weight: 400;\">Para que el programa pueda ejecutarse de forma correcta, este debe residir en un sistema operativo <\/span><span style=\"font-weight: 400;\">Windows<\/span><span style=\"font-weight: 400;\"> (de la versi\u00f3n XP en adelante) <\/span><\/li>\n<li><span style=\"font-weight: 400;\">El cliente deber\u00e1 tener previamente instalado el paquete de Windows <\/span><span style=\"font-weight: 400;\">.NET Framework 4<\/span><\/li>\n<li>Para poder hacer uso correcto de las impresiones<strong> el cliente deber\u00e1 tener instalado Adobe Acrobat Reader\u00a0<\/strong>y realizar la siguiente configuraci\u00f3n del mismo:<\/li>\n<\/ul>\n<p>1- Abrir el probrama Adobe Acrobat Reader y dirigirse a Edici\u00f3n-Preferencias<\/p>\n<p><a href=\"http:\/\/sgtaller.com\/ayuda\/wp-content\/uploads\/2015\/08\/8.png\"><img loading=\"lazy\" decoding=\"async\" class=\" wp-image-818 aligncenter\" src=\"http:\/\/sgtaller.com\/ayuda\/wp-content\/uploads\/2015\/08\/8.png\" alt=\"8\" width=\"316\" height=\"444\" srcset=\"http:\/\/sgtaller.com\/ayuda\/wp-content\/uploads\/2015\/08\/8.png 459w, http:\/\/sgtaller.com\/ayuda\/wp-content\/uploads\/2015\/08\/8-213x300.png 213w\" sizes=\"auto, (max-width: 316px) 100vw, 316px\" \/><\/a><\/p>\n<p>2- En la ventana de Preferencias desmarcar\u00a0las opciones que se muestran en la siguiente im\u00e1gen y clickear aceptar.<\/p>\n<p style=\"text-align: center;\"><a href=\"http:\/\/sgtaller.com\/ayuda\/wp-content\/uploads\/2015\/08\/9.png\"><img loading=\"lazy\" decoding=\"async\" class=\"alignnone size-full wp-image-819\" src=\"http:\/\/sgtaller.com\/ayuda\/wp-content\/uploads\/2015\/08\/9.png\" alt=\"9\" width=\"1135\" height=\"279\" srcset=\"http:\/\/sgtaller.com\/ayuda\/wp-content\/uploads\/2015\/08\/9.png 1135w, http:\/\/sgtaller.com\/ayuda\/wp-content\/uploads\/2015\/08\/9-300x74.png 300w, http:\/\/sgtaller.com\/ayuda\/wp-content\/uploads\/2015\/08\/9-1024x252.png 1024w\" sizes=\"auto, (max-width: 1135px) 100vw, 1135px\" \/><\/a><\/p>\n<h2><b>Uso en Tiempo Real<\/b><\/h2>\n<p><span style=\"font-weight: 400;\">Luego de instalado el programa, cuando el usuario desee empezar a realizar facturas electr\u00f3nicas <\/span><span style=\"font-weight: 400;\">EN TIEMPO REAL <\/span><span style=\"font-weight: 400;\">debe ejecutar el mismo (este corre de forma residente hasta que sea cerrado). <\/span><span style=\"font-weight: 400;\"><br \/>\n<\/span><span style=\"font-weight: 400;\">Cuando el cliente realice una venta en su punto de ventas el programa va a desplegar una ventana en la que consulta al mismo si desea que la factura sea o no timbrada, en caso de ser si se procede autom\u00e1ticamente con el proceso de facturaci\u00f3n.<\/span><\/p>\n<p><span style=\"font-weight: 400;\">Si la factura fue enviada al SAT con \u00e9xito, entonces se despliega un cuadro de di\u00e1logo que lo aclara y autom\u00e1ticamente la factura es impresa por la impresora de Windows que est\u00e9 configurada por defecto, de lo contrario se especifica en el mismo cuadro de di\u00e1logo el error producido al intentar enviar la factura y esta (la factura) es enviada a \u00ab<em><strong>Documentos Pendientes<\/strong><\/em>\u00bb (ver funcionalidad Documentos Pendientes).<\/span><\/p>\n<p><a href=\"http:\/\/sgtaller.com\/ayuda\/wp-content\/uploads\/2015\/08\/1.png\"><img loading=\"lazy\" decoding=\"async\" class=\"aligncenter size-full wp-image-802\" src=\"http:\/\/sgtaller.com\/ayuda\/wp-content\/uploads\/2015\/08\/1.png\" alt=\"1\" width=\"499\" height=\"169\" srcset=\"http:\/\/sgtaller.com\/ayuda\/wp-content\/uploads\/2015\/08\/1.png 499w, http:\/\/sgtaller.com\/ayuda\/wp-content\/uploads\/2015\/08\/1-300x102.png 300w\" sizes=\"auto, (max-width: 499px) 100vw, 499px\" \/><\/a><\/p>\n<blockquote><p><b>IMPORTANTE<\/b><span style=\"font-weight: 400;\">: La configuraci\u00f3n de Base de Datos que el programa utiliza por defecto es la misma que genera SGTaller por defecto, en caso de que el cliente haya ubicado la base en otro lugar se desplegar\u00e1 un mensaje especificando que no se encontr\u00f3 la base de datos y que <\/span><b><i>SE DEBE <\/i><\/b><span style=\"font-weight: 400;\">configurar para el correcto uso del mismo. Si el usuario no configura la base de datos antes de comenzar se desplegar\u00e1 un mensaje de error y el programa se cerrar\u00e1. Para configurarla (en caso de que la base no est\u00e9 en la ruta por defecto de SGTaller) se despliega una ventana de configuraci\u00f3n de base de datos (ver funcionalidad <\/span><span style=\"font-weight: 400;\">ConfigBD<\/span><span style=\"font-weight: 400;\">)<\/span><\/p><\/blockquote>\n<h2><b>Funcionalidades<\/b><\/h2>\n<p><span style=\"font-weight: 400;\">&#8211; <\/span><b>Config BD<\/b><b>: <\/b><span style=\"font-weight: 400;\">En esta secci\u00f3n el usuario puede configurar la base de datos sobre la cual se van a realizar las facturas, es decir, indicar en qu\u00e9 lugar se encuentra la base de datos de SGTaller.<\/span><\/p>\n<p><a href=\"http:\/\/sgtaller.com\/ayuda\/wp-content\/uploads\/2015\/08\/2.png\"><img loading=\"lazy\" decoding=\"async\" class=\"aligncenter size-full wp-image-803\" src=\"http:\/\/sgtaller.com\/ayuda\/wp-content\/uploads\/2015\/08\/2.png\" alt=\"2\" width=\"399\" height=\"292\" srcset=\"http:\/\/sgtaller.com\/ayuda\/wp-content\/uploads\/2015\/08\/2.png 399w, http:\/\/sgtaller.com\/ayuda\/wp-content\/uploads\/2015\/08\/2-300x220.png 300w\" sizes=\"auto, (max-width: 399px) 100vw, 399px\" \/><\/a><\/p>\n<p><span style=\"font-weight: 400;\">Se debe seleccionar primero el tipo de servidor (si este es local no hace falta especificar la ruta del servidor) y luego especificar Usuario, Contrase\u00f1a y la ruta f\u00edsica en disco donde se encuentra la base.<\/span><\/p>\n<p><span style=\"font-weight: 400;\">* <\/span><span style=\"font-weight: 400;\">Esta informaci\u00f3n puede ser obtenida desde el Punto de Ventas de SGTaller de la siguiente manera:<\/span><\/p>\n<p><a href=\"http:\/\/sgtaller.com\/ayuda\/wp-content\/uploads\/2015\/08\/3.png\"><img loading=\"lazy\" decoding=\"async\" class=\"aligncenter size-full wp-image-805\" src=\"http:\/\/sgtaller.com\/ayuda\/wp-content\/uploads\/2015\/08\/3.png\" alt=\"3\" width=\"358\" height=\"510\" srcset=\"http:\/\/sgtaller.com\/ayuda\/wp-content\/uploads\/2015\/08\/3.png 358w, http:\/\/sgtaller.com\/ayuda\/wp-content\/uploads\/2015\/08\/3-211x300.png 211w\" sizes=\"auto, (max-width: 358px) 100vw, 358px\" \/><\/a><\/p>\n<p><span style=\"font-weight: 400;\">\u00a0\u00a0\u00a0 <\/span><span style=\"font-weight: 400;\">(Esto desplegar\u00e1 una ventana con los datos requeridos)<\/span><\/p>\n<p><span style=\"font-weight: 400;\">Una vez especificados los datos, damos aceptar y si el programa logra conectarse a la base de datos especificada devuelve un mensaje de \u00e9xito y de lo contrario uno de error.<\/span><\/p>\n<p><span style=\"font-weight: 400;\">&#8211; <\/span><b>ConfigWS<\/b><b>: <\/b><span style=\"font-weight: 400;\">Esta secci\u00f3n permite que el cliente ingrese su usuario y contrase\u00f1a de SGTaller\u00a0(es el correo electr\u00f3nico y contrase\u00f1a con la cual realiz\u00f3 la compra de SGTaller) para poder realizar las facturas electr\u00f3nicas. Cada cliente tendr\u00e1 <\/span><b>SU PROPIO<\/b><span style=\"font-weight: 400;\"> usuario y contrase\u00f1a para identificarse y poder facturar electr\u00f3nicamente, entonces, esta configuraci\u00f3n tambi\u00e9n es <\/span><b>NECESARIA <\/b><span style=\"font-weight: 400;\"><span style=\"text-decoration: underline;\"><strong>antes de comenzar<\/strong><\/span>.<\/span><\/p>\n<p><a href=\"http:\/\/sgtaller.com\/ayuda\/wp-content\/uploads\/2015\/08\/4.png\"><img loading=\"lazy\" decoding=\"async\" class=\"aligncenter size-full wp-image-806\" src=\"http:\/\/sgtaller.com\/ayuda\/wp-content\/uploads\/2015\/08\/4.png\" alt=\"4\" width=\"330\" height=\"196\" srcset=\"http:\/\/sgtaller.com\/ayuda\/wp-content\/uploads\/2015\/08\/4.png 330w, http:\/\/sgtaller.com\/ayuda\/wp-content\/uploads\/2015\/08\/4-300x178.png 300w\" sizes=\"auto, (max-width: 330px) 100vw, 330px\" \/><\/a><\/p>\n<p><span style=\"font-weight: 400;\">* En caso de que el usuario y contrase\u00f1a ingresados por el cliente no sean v\u00e1lido, a la hora de realizar una factura se desplegar\u00e1 un mensaje de error aclarando que el usuario y\/o contrase\u00f1a no son v\u00e1lidos y que la factura fue enviada a \u00ab<\/span><b>Documentos Pendientes<\/b><span style=\"font-weight: 400;\">\u00ab, es decir que no fue enviada (ver funcionalidad DocumentosPendientes).<\/span><\/p>\n<p><span style=\"font-weight: 400;\">&#8211; <\/span><b>Facturar Venta<\/b><b>: <\/b><span style=\"font-weight: 400;\">Esta secci\u00f3n permite realizar facturas electr\u00f3nicas pero no en tiempo real, sino facturar electr\u00f3nicamente ventas que se realizaron y que est\u00e1n en el repositorio de datos de SGTaller pero no se facturaron contra el SAT.<\/span><\/p>\n<p><a href=\"http:\/\/sgtaller.com\/ayuda\/wp-content\/uploads\/2015\/08\/5.png\"><img loading=\"lazy\" decoding=\"async\" class=\"aligncenter size-full wp-image-807\" src=\"http:\/\/sgtaller.com\/ayuda\/wp-content\/uploads\/2015\/08\/5.png\" alt=\"5\" width=\"386\" height=\"245\" srcset=\"http:\/\/sgtaller.com\/ayuda\/wp-content\/uploads\/2015\/08\/5.png 386w, http:\/\/sgtaller.com\/ayuda\/wp-content\/uploads\/2015\/08\/5-300x190.png 300w\" sizes=\"auto, (max-width: 386px) 100vw, 386px\" \/><\/a><\/p>\n<p><span style=\"font-weight: 400;\">Para ello, se despliega una ventana con tres par\u00e1metros (Tipo de Documento, N\u00famero de Venta y Serie de Venta) y se realiza una b\u00fasqueda a partir de esos datos, si la venta buscada existe entonces se procede con el procedimiento autom\u00e1tico de facturaci\u00f3n luego de presionar el bot\u00f3n aceptar, de lo contrario se despliega un mensaje de error indicando que la factura no existe.<\/span><\/p>\n<p><span style=\"font-weight: 400;\">&#8211; <\/span><b>Hist\u00f3rico de Documentos<\/b><b>: <\/b><span style=\"font-weight: 400;\">Esta secci\u00f3n nos permite ver y reimprimir facturas electr\u00f3nicas que ya se realizaron sobre el sistema dado un rango de fechas ingresado por el usuario.<\/span><\/p>\n<p><a href=\"http:\/\/sgtaller.com\/ayuda\/wp-content\/uploads\/2015\/08\/6.png\"><img loading=\"lazy\" decoding=\"async\" class=\"aligncenter size-full wp-image-809\" src=\"http:\/\/sgtaller.com\/ayuda\/wp-content\/uploads\/2015\/08\/6.png\" alt=\"6\" width=\"745\" height=\"404\" srcset=\"http:\/\/sgtaller.com\/ayuda\/wp-content\/uploads\/2015\/08\/6.png 745w, http:\/\/sgtaller.com\/ayuda\/wp-content\/uploads\/2015\/08\/6-300x163.png 300w\" sizes=\"auto, (max-width: 745px) 100vw, 745px\" \/><\/a><\/p>\n<p><span style=\"font-weight: 400;\">Primero se debe buscar<\/span><span style=\"font-weight: 400;\"> facturas en el rango de fechas mediante el bot\u00f3n \u00abBuscar\u00bb, en caso de haber encontrado facturas se despliegan en la grilla (como en la imagen), de lo contrario se despliega un mensaje que indica que no hay facturas en ese rango de fechas.<\/span><\/p>\n<p><span style=\"font-weight: 400;\">* Para poder imprimir una factura debemos previamente seleccionarla en la grilla.<\/span><\/p>\n<p><span style=\"font-weight: 400;\">&#8211; <\/span><b>Documentos Pendientes<\/b><b>: <\/b><span style=\"font-weight: 400;\">Esta secci\u00f3n nos permite <\/span><span style=\"font-weight: 400;\">REENVIAR <\/span><span style=\"font-weight: 400;\">aquellas facturas que <\/span><span style=\"font-weight: 400;\">NO <\/span><span style=\"font-weight: 400;\">se pudieron emitir ante el SAT en tiempo real por alguna raz\u00f3n. Todas aquellas facturas que den error en tiempo real ser\u00e1n enviadas a esta secci\u00f3n.<\/span><\/p>\n<p><a href=\"http:\/\/sgtaller.com\/ayuda\/wp-content\/uploads\/2015\/08\/7.png\"><img loading=\"lazy\" decoding=\"async\" class=\"aligncenter size-full wp-image-810\" src=\"http:\/\/sgtaller.com\/ayuda\/wp-content\/uploads\/2015\/08\/7.png\" alt=\"7\" width=\"751\" height=\"340\" srcset=\"http:\/\/sgtaller.com\/ayuda\/wp-content\/uploads\/2015\/08\/7.png 751w, http:\/\/sgtaller.com\/ayuda\/wp-content\/uploads\/2015\/08\/7-300x136.png 300w\" sizes=\"auto, (max-width: 751px) 100vw, 751px\" \/><\/a><\/p>\n<p><span style=\"font-weight: 400;\">Al momento de abrir esta ventana, si no existen documentos pendientes se despliega un mensaje que lo aclara, de lo contrario se llena la grilla con nuestras facturas pendientes. Al igual que en el hist\u00f3rico de documentos, se debe seleccionar en la grilla la factura que se desee reenviar y presionar el bot\u00f3n \u00abReenviar\u00bb.<\/span><\/p>\n","protected":false},"excerpt":{"rendered":"<p>Manual del Usuario Especificaciones T\u00e9cnicas Para que el programa pueda ejecutarse de forma correcta, este debe residir en un sistema operativo Windows (de la versi\u00f3n XP en adelante) El cliente deber\u00e1 tener previamente instalado el paquete de Windows .NET Framework 4 Para poder hacer uso correcto de las impresiones el [&hellip;]<\/p>\n","protected":false},"author":1,"featured_media":0,"parent":1069,"menu_order":0,"comment_status":"closed","ping_status":"closed","template":"","meta":{"footnotes":""},"class_list":["post-800","page","type-page","status-publish","hentry"],"_links":{"self":[{"href":"http:\/\/sgtaller.com\/ayuda\/wp-json\/wp\/v2\/pages\/800","targetHints":{"allow":["GET"]}}],"collection":[{"href":"http:\/\/sgtaller.com\/ayuda\/wp-json\/wp\/v2\/pages"}],"about":[{"href":"http:\/\/sgtaller.com\/ayuda\/wp-json\/wp\/v2\/types\/page"}],"author":[{"embeddable":true,"href":"http:\/\/sgtaller.com\/ayuda\/wp-json\/wp\/v2\/users\/1"}],"replies":[{"embeddable":true,"href":"http:\/\/sgtaller.com\/ayuda\/wp-json\/wp\/v2\/comments?post=800"}],"version-history":[{"count":8,"href":"http:\/\/sgtaller.com\/ayuda\/wp-json\/wp\/v2\/pages\/800\/revisions"}],"predecessor-version":[{"id":1080,"href":"http:\/\/sgtaller.com\/ayuda\/wp-json\/wp\/v2\/pages\/800\/revisions\/1080"}],"up":[{"embeddable":true,"href":"http:\/\/sgtaller.com\/ayuda\/wp-json\/wp\/v2\/pages\/1069"}],"wp:attachment":[{"href":"http:\/\/sgtaller.com\/ayuda\/wp-json\/wp\/v2\/media?parent=800"}],"curies":[{"name":"wp","href":"https:\/\/api.w.org\/{rel}","templated":true}]}}