{"id":845,"date":"2015-11-25T13:02:56","date_gmt":"2015-11-25T13:02:56","guid":{"rendered":"http:\/\/sgtaller.com\/ayuda\/?page_id=845"},"modified":"2017-08-17T14:56:12","modified_gmt":"2017-08-17T14:56:12","slug":"video-demostracion-facturacion-electronica-mexico","status":"publish","type":"page","link":"http:\/\/sgtaller.com\/ayuda\/fe-uruguay\/video-demostracion-facturacion-electronica-mexico\/","title":{"rendered":"V\u00eddeo Demostraci\u00f3n Facturaci\u00f3n Electr\u00f3nica M\u00e9xico"},"content":{"rendered":"<p><iframe loading=\"lazy\" width=\"750\" height=\"563\" src=\"https:\/\/www.youtube.com\/embed\/1tb2Oo7Br2Q?feature=oembed\" frameborder=\"0\" allow=\"autoplay; encrypted-media\" allowfullscreen><\/iframe><\/p>\n","protected":false},"excerpt":{"rendered":"","protected":false},"author":1,"featured_media":0,"parent":1069,"menu_order":2,"comment_status":"closed","ping_status":"closed","template":"","meta":{"footnotes":""},"class_list":["post-845","page","type-page","status-publish","hentry"],"_links":{"self":[{"href":"http:\/\/sgtaller.com\/ayuda\/wp-json\/wp\/v2\/pages\/845","targetHints":{"allow":["GET"]}}],"collection":[{"href":"http:\/\/sgtaller.com\/ayuda\/wp-json\/wp\/v2\/pages"}],"about":[{"href":"http:\/\/sgtaller.com\/ayuda\/wp-json\/wp\/v2\/types\/page"}],"author":[{"embeddable":true,"href":"http:\/\/sgtaller.com\/ayuda\/wp-json\/wp\/v2\/users\/1"}],"replies":[{"embeddable":true,"href":"http:\/\/sgtaller.com\/ayuda\/wp-json\/wp\/v2\/comments?post=845"}],"version-history":[{"count":1,"href":"http:\/\/sgtaller.com\/ayuda\/wp-json\/wp\/v2\/pages\/845\/revisions"}],"predecessor-version":[{"id":846,"href":"http:\/\/sgtaller.com\/ayuda\/wp-json\/wp\/v2\/pages\/845\/revisions\/846"}],"up":[{"embeddable":true,"href":"http:\/\/sgtaller.com\/ayuda\/wp-json\/wp\/v2\/pages\/1069"}],"wp:attachment":[{"href":"http:\/\/sgtaller.com\/ayuda\/wp-json\/wp\/v2\/media?parent=845"}],"curies":[{"name":"wp","href":"https:\/\/api.w.org\/{rel}","templated":true}]}}