{"id":90,"date":"2012-06-19T02:05:36","date_gmt":"2012-06-19T02:05:36","guid":{"rendered":"http:\/\/sgtaller.com\/ayuda\/?page_id=90"},"modified":"2012-06-19T02:05:36","modified_gmt":"2012-06-19T02:05:36","slug":"no-space-to-print-subreport0-section1","status":"publish","type":"page","link":"http:\/\/sgtaller.com\/ayuda\/ayuda-en-general\/problemas-frecuentes\/no-space-to-print-subreport0-section1\/","title":{"rendered":"(( No space to print SubReport:0 Section:1))"},"content":{"rendered":"<p>Este error se debe a que el tama\u00f1o del reporte es mayor al tama\u00f1o de la hoja en la cual est\u00e1 intentando imprimir (es decir a la que esta configurada en ese momento en la impresora) o que el programa imprima normalmente bien y en algunos casos se de este error, y esto es debido a que hay m\u00e1s datos para imprimir en ese caso y supera el tama\u00f1o del papel asignado<br \/>\nLa soluci\u00f3n:<\/p>\n<ol>\n<li>Asegurarse que coincida el tama\u00f1o del papel configurado en la impresora que esta mandando imprimir con los tama\u00f1os establecidos en el reporte.<\/li>\n<li>Si lo anterior no soluciona el problema, ajustar el tama\u00f1o del reporte para que sea m\u00e1s peque\u00f1o si lo que sucede es que siempre se da el error. Si no sabe como realizar dicho ajuste puede env\u00edarnos el archivo de reporte y nosotros realizamos el ajuste.<\/li>\n<\/ol>\n","protected":false},"excerpt":{"rendered":"<p>Este error se debe a que el tama\u00f1o del reporte es mayor al tama\u00f1o de la hoja en la cual est\u00e1 intentando imprimir (es decir a la que esta configurada en ese momento en la impresora) o que el programa imprima normalmente bien y en algunos casos se de este [&hellip;]<\/p>\n","protected":false},"author":1,"featured_media":0,"parent":88,"menu_order":0,"comment_status":"open","ping_status":"open","template":"","meta":{"footnotes":""},"class_list":["post-90","page","type-page","status-publish","hentry"],"_links":{"self":[{"href":"http:\/\/sgtaller.com\/ayuda\/wp-json\/wp\/v2\/pages\/90","targetHints":{"allow":["GET"]}}],"collection":[{"href":"http:\/\/sgtaller.com\/ayuda\/wp-json\/wp\/v2\/pages"}],"about":[{"href":"http:\/\/sgtaller.com\/ayuda\/wp-json\/wp\/v2\/types\/page"}],"author":[{"embeddable":true,"href":"http:\/\/sgtaller.com\/ayuda\/wp-json\/wp\/v2\/users\/1"}],"replies":[{"embeddable":true,"href":"http:\/\/sgtaller.com\/ayuda\/wp-json\/wp\/v2\/comments?post=90"}],"version-history":[{"count":1,"href":"http:\/\/sgtaller.com\/ayuda\/wp-json\/wp\/v2\/pages\/90\/revisions"}],"predecessor-version":[{"id":91,"href":"http:\/\/sgtaller.com\/ayuda\/wp-json\/wp\/v2\/pages\/90\/revisions\/91"}],"up":[{"embeddable":true,"href":"http:\/\/sgtaller.com\/ayuda\/wp-json\/wp\/v2\/pages\/88"}],"wp:attachment":[{"href":"http:\/\/sgtaller.com\/ayuda\/wp-json\/wp\/v2\/media?parent=90"}],"curies":[{"name":"wp","href":"https:\/\/api.w.org\/{rel}","templated":true}]}}