{"id":92,"date":"2012-06-19T02:10:07","date_gmt":"2012-06-19T02:10:07","guid":{"rendered":"http:\/\/sgtaller.com\/ayuda\/?page_id=92"},"modified":"2012-06-19T02:10:07","modified_gmt":"2012-06-19T02:10:07","slug":"error-creating-paper-form","status":"publish","type":"page","link":"http:\/\/sgtaller.com\/ayuda\/ayuda-en-general\/problemas-frecuentes\/error-creating-paper-form\/","title":{"rendered":"Error creating paper form"},"content":{"rendered":"<h2>(( Error creating paper form (privileges?): User (2100&#215;1500)System Error. Code: 5.Acceso denegado))<\/h2>\n<p>Este error se presenta cuando usted intenta imprimir un reporte a trav\u00e9s de una impresora a trav\u00e9s de la red y no tiene privilegios suficientes en la misma, y como el software\u00a0debe modificar el tama\u00f1o del papel en la impresora se produce este error. La soluci\u00f3n es revisar los permisos del usuario que est\u00e1 usando para imprimir en la impresora o\u00a0asignarle permisos de administraci\u00f3n sobre la misma, no es una falla en el software sino de permisos en Windows.<\/p>\n","protected":false},"excerpt":{"rendered":"<p>(( Error creating paper form (privileges?): User (2100&#215;1500)System Error. Code: 5.Acceso denegado)) Este error se presenta cuando usted intenta imprimir un reporte a trav\u00e9s de una impresora a trav\u00e9s de la red y no tiene privilegios suficientes en la misma, y como el software\u00a0debe modificar el tama\u00f1o del papel en [&hellip;]<\/p>\n","protected":false},"author":1,"featured_media":0,"parent":88,"menu_order":1,"comment_status":"open","ping_status":"open","template":"","meta":{"footnotes":""},"class_list":["post-92","page","type-page","status-publish","hentry"],"_links":{"self":[{"href":"http:\/\/sgtaller.com\/ayuda\/wp-json\/wp\/v2\/pages\/92","targetHints":{"allow":["GET"]}}],"collection":[{"href":"http:\/\/sgtaller.com\/ayuda\/wp-json\/wp\/v2\/pages"}],"about":[{"href":"http:\/\/sgtaller.com\/ayuda\/wp-json\/wp\/v2\/types\/page"}],"author":[{"embeddable":true,"href":"http:\/\/sgtaller.com\/ayuda\/wp-json\/wp\/v2\/users\/1"}],"replies":[{"embeddable":true,"href":"http:\/\/sgtaller.com\/ayuda\/wp-json\/wp\/v2\/comments?post=92"}],"version-history":[{"count":2,"href":"http:\/\/sgtaller.com\/ayuda\/wp-json\/wp\/v2\/pages\/92\/revisions"}],"predecessor-version":[{"id":94,"href":"http:\/\/sgtaller.com\/ayuda\/wp-json\/wp\/v2\/pages\/92\/revisions\/94"}],"up":[{"embeddable":true,"href":"http:\/\/sgtaller.com\/ayuda\/wp-json\/wp\/v2\/pages\/88"}],"wp:attachment":[{"href":"http:\/\/sgtaller.com\/ayuda\/wp-json\/wp\/v2\/media?parent=92"}],"curies":[{"name":"wp","href":"https:\/\/api.w.org\/{rel}","templated":true}]}}